{"id":336,"date":"2017-02-14T11:28:36","date_gmt":"2017-02-14T10:28:36","guid":{"rendered":"https:\/\/seepark.app.diespeisekarte.ch\/?page_id=336\/"},"modified":"2019-04-02T10:11:52","modified_gmt":"2019-04-02T08:11:52","slug":"information","status":"publish","type":"page","link":"https:\/\/seepark.app.diespeisekarte.ch\/fr\/information\/","title":{"rendered":"Information"},"content":{"rendered":"<h2><img loading=\"lazy\" class=\"alignnone size-medium wp-image-350\" src=\"https:\/\/seepark.app.diespeisekarte.ch\/wp-content\/uploads\/2017\/02\/rosen_small-300x94.jpg\" alt=\"\" width=\"300\" height=\"94\" srcset=\"https:\/\/seepark.app.diespeisekarte.ch\/wp-content\/uploads\/2017\/02\/rosen_small-300x94.jpg 300w, https:\/\/seepark.app.diespeisekarte.ch\/wp-content\/uploads\/2017\/02\/rosen_small-768x240.jpg 768w, https:\/\/seepark.app.diespeisekarte.ch\/wp-content\/uploads\/2017\/02\/rosen_small-1024x320.jpg 1024w, https:\/\/seepark.app.diespeisekarte.ch\/wp-content\/uploads\/2017\/02\/rosen_small-1200x375.jpg 1200w, https:\/\/seepark.app.diespeisekarte.ch\/wp-content\/uploads\/2017\/02\/rosen_small.jpg 1920w\" sizes=\"(max-width: 300px) 100vw, 300px\" \/><\/h2>\n<h2><strong>Happy Birthday<\/strong><\/h2>\n<p>&nbsp;<\/p>\n<p>F\u00eatez votre anniversaire de mani\u00e8re originale avec nous au bord du lac!<\/p>\n<p>&nbsp;<\/p>\n<p><strong>Offre <\/strong><\/p>\n<p>&#8211; Une nuit en chambre 4 \u00e9toiles sup\u00e9rieur<\/p>\n<p>&#8211; Un cocktail d\u2019anniversaire au bar de l\u2019h\u00f4tel<\/p>\n<p>&#8211; Un menu 4 plats gourmet au choix<\/p>\n<p>&#8211; Un cadeau pour la personne f\u00eatant son anniversaire<\/p>\n<p>&#8211; Carte d\u2019h\u00f4tes, titre de transport pour le r\u00e9seau ferroviaire STI de Thoune inclus<\/p>\n<p>&nbsp;<\/p>\n<p>Prix par personne \u00e0 partir CHF 275.\u2013<\/p>\n<p>&nbsp;<\/p>\n<p><span lang=\"FR-CH\">En outre, le prix comprend: le buffet de petit-d\u00e9jeuner complet, le service, la TVA, l\u2019acc\u00e8s libre \u00e0 notre centre de bien-\u00eatre \u00abinBalance\u00bb avec sauna finlandais, cabane aux herbes, jacuzzi, hammam, espace douches, bancs chauff\u00e9s, installations Kneipp, transats avec vue panoramique et lounge de d\u00e9tente avec bar. Salle de fitness avec un choix d\u2019appareils \u00abLife Fitness\u00bb, v\u00e9los de ville, VTT, v\u00e9los \u00e9lectriques \u00abStromer\u00bb, stand up paddles, cano\u00ebs et kayaks. Taxe de s\u00e9jour en suppl\u00e9ment CHF 2.50 par h\u00f4te et par nuit.<\/span><\/p>\n<p><span lang=\"FR-CH\">\u00a0<\/span><\/p>\n<p><span lang=\"FR-CH\">Toutes les chambres sont \u00e9quip\u00e9es d\u2019une douche ou d&rsquo;une baignoire, d\u2019un WC, d\u2019un s\u00e8che-cheveux, de peignoirs de bain, d\u2019un t\u00e9l\u00e9viseur \u00e0 \u00e9cran plat, d&rsquo;un t\u00e9l\u00e9phone, d\u2019une connexion WLAN publique gratuite et d\u2019un coffre-fort. Les boissons non alcoolis\u00e9es du minibar ainsi que les fruits sont offerts.<\/span><\/p>\n","protected":false},"excerpt":{"rendered":"<p>Happy Birthday &nbsp; F\u00eatez votre anniversaire de mani\u00e8re originale avec nous au bord du lac! &nbsp; Offre &#8211; Une nuit en chambre 4 \u00e9toiles sup\u00e9rieur &#8211; Un cocktail d\u2019anniversaire au bar de l\u2019h\u00f4tel &#8211; Un menu 4 plats gourmet au choix &#8211; Un cadeau pour la personne f\u00eatant son anniversaire &#8211; Carte d\u2019h\u00f4tes, titre de &hellip; <a href=\"https:\/\/seepark.app.diespeisekarte.ch\/fr\/information\/\">Continued<\/a><\/p>\n","protected":false},"author":1,"featured_media":0,"parent":0,"menu_order":0,"comment_status":"closed","ping_status":"closed","template":"","meta":[],"_links":{"self":[{"href":"https:\/\/seepark.app.diespeisekarte.ch\/fr\/wp-json\/wp\/v2\/pages\/336\/"}],"collection":[{"href":"https:\/\/seepark.app.diespeisekarte.ch\/fr\/wp-json\/wp\/v2\/pages\/"}],"about":[{"href":"https:\/\/seepark.app.diespeisekarte.ch\/fr\/wp-json\/wp\/v2\/types\/page\/"}],"author":[{"embeddable":true,"href":"https:\/\/seepark.app.diespeisekarte.ch\/fr\/wp-json\/wp\/v2\/users\/1\/"}],"replies":[{"embeddable":true,"href":"https:\/\/seepark.app.diespeisekarte.ch\/fr\/wp-json\/wp\/v2\/comments\/?post=336"}],"version-history":[{"count":12,"href":"https:\/\/seepark.app.diespeisekarte.ch\/fr\/wp-json\/wp\/v2\/pages\/336\/revisions\/"}],"predecessor-version":[{"id":2165,"href":"https:\/\/seepark.app.diespeisekarte.ch\/fr\/wp-json\/wp\/v2\/pages\/336\/revisions\/2165\/"}],"wp:attachment":[{"href":"https:\/\/seepark.app.diespeisekarte.ch\/fr\/wp-json\/wp\/v2\/media\/?parent=336"}],"curies":[{"name":"wp","href":"https:\/\/api.w.org\/{rel}","templated":true}]}}